{"id":5812,"date":"2025-11-02T15:07:18","date_gmt":"2025-11-02T14:07:18","guid":{"rendered":"https:\/\/www.perfectplaceproject.com\/?page_id=5812"},"modified":"2025-11-02T15:36:23","modified_gmt":"2025-11-02T14:36:23","slug":"legal-notice","status":"publish","type":"page","link":"https:\/\/www.perfectplaceproject.com\/en\/mentions-legales\/","title":{"rendered":"Terms of use"},"content":{"rendered":"<h1><\/h1>\n<p><strong>In accordance with articles 6-III and 19 of French law no. 2004-575 of June 21, 2004 on trust in the digital economy (LCEN), users of the www.perfectplaceproject.com website are hereby informed of the following information:<\/strong><\/p>\n<h2>1. Site editor<\/h2>\n<p><strong>Perfect Place Project<\/strong><br \/>\nRepresented by : <strong>Laurence Ellia<\/strong>, Founder &amp; Director<br \/>\n\ud83d\udcde +33 6 26 39 19 07<br \/>\n\u2709\ufe0f <a href=\"mailto:l.ellia@perfectplaceproject.com\">l.ellia@perfectplaceproject.com<\/a><\/p>\n<h2>2. Site host<\/h2>\n<p><strong>Infomaniak Network SA<\/strong><br \/>\nRue Eug\u00e8ne-Marziano 25, 1227 Les Acacias, Geneva - Switzerland<br \/>\n\ud83c\udf10 <a href=\"https:\/\/www.infomaniak.com\" target=\"_blank\" rel=\"noopener\">www.infomaniak.com<\/a><\/p>\n<h2>3. Publication management<\/h2>\n<p>Manager: <strong>Laurence Ellia<\/strong><br \/>\n\u2709\ufe0f <a href=\"mailto:l.ellia@perfectplaceproject.com\">l.ellia@perfectplaceproject.com<\/a><\/p>\n<h2>4. Technical implementation &amp; maintenance<\/h2>\n<p><strong>Frametonic Digital<\/strong><br \/>\nMarc Ringrave - Digital Marketing &amp; Webmaster<br \/>\n18 rue Vauthier, 92100 Boulogne-Billancourt, France<br \/>\n\u2709\ufe0f <a href=\"mailto:ringrave@frametonic.com\">ringrave@frametonic.com<\/a><\/p>\n<h2>5. Intellectual property<\/h2>\n<p>All site content (text, visuals, graphics, logos, videos, structure, database, etc.) is the exclusive property of <strong>Perfect Place Project<\/strong>, unless otherwise stated.<br \/>\nAny reproduction, representation or adaptation, in whole or in part, is prohibited without prior written authorization.<\/p>\n<h2>6. Third-party services used<\/h2>\n<ul>\n<li>Google Analytics - audience measurement (statistical cookies)<\/li>\n<li>Google Fonts - typographic loading<\/li>\n<li>Google Identity Services - secure connection via Google Login<\/li>\n<li>Gravity Forms - contact form management<\/li>\n<li>AIP Chat - conversational assistant using <strong>ChatGPT (OpenAI)<\/strong> and <strong>Pinecone<\/strong><\/li>\n<\/ul>\n<h2>7. Limitation of liability<\/h2>\n<p><strong>Perfect Place Project<\/strong> makes every effort to ensure that the information published on the site is accurate and up-to-date.<br \/>\nIt cannot be held responsible for any errors, omissions or interruptions.<br \/>\nUsers acknowledge that they use the site under their sole responsibility.<\/p>","protected":false},"excerpt":{"rendered":"<p>Conform\u00e9ment aux articles 6-III et 19 de la loi n\u00b02004-575 du 21 juin 2004 pour la Confiance dans l\u2019\u00c9conomie Num\u00e9rique (LCEN), il est port\u00e9 \u00e0 la connaissance des utilisateurs du site www.perfectplaceproject.com les informations suivantes : 1. \u00c9diteur du site Perfect Place Project Repr\u00e9sent\u00e9e par : Laurence Ellia, Founder &amp; Director \ud83d\udcde +33 6 26 &#8230;<\/p>","protected":false},"author":1,"featured_media":0,"parent":0,"menu_order":0,"comment_status":"closed","ping_status":"closed","template":"","meta":{"inline_featured_image":false,"footnotes":""},"class_list":["post-5812","page","type-page","status-publish","hentry"],"yoast_head":"<!-- This site is optimized with the Yoast SEO plugin v27.1.1 - https:\/\/yoast.com\/product\/yoast-seo-wordpress\/ -->\n<title>Mentions l\u00e9gales - Perfect Place Project<\/title>\n<meta name=\"robots\" content=\"index, follow, max-snippet:-1, max-image-preview:large, max-video-preview:-1\" \/>\n<link rel=\"canonical\" href=\"https:\/\/www.perfectplaceproject.com\/en\/legal-notice\/\" \/>\n<meta property=\"og:locale\" content=\"en_US\" \/>\n<meta property=\"og:type\" content=\"article\" \/>\n<meta property=\"og:title\" content=\"Mentions l\u00e9gales - Perfect Place Project\" \/>\n<meta property=\"og:description\" content=\"Conform\u00e9ment aux articles 6-III et 19 de la loi n\u00b02004-575 du 21 juin 2004 pour la Confiance dans l\u2019\u00c9conomie Num\u00e9rique (LCEN), il est port\u00e9 \u00e0 la connaissance des utilisateurs du site www.perfectplaceproject.com les informations suivantes : 1. \u00c9diteur du site Perfect Place Project Repr\u00e9sent\u00e9e par : Laurence Ellia, Founder &amp; Director \ud83d\udcde +33 6 26 ...\" \/>\n<meta property=\"og:url\" content=\"https:\/\/www.perfectplaceproject.com\/en\/legal-notice\/\" \/>\n<meta property=\"og:site_name\" content=\"Perfect Place Project\" \/>\n<meta property=\"article:modified_time\" content=\"2025-11-02T14:36:23+00:00\" \/>\n<meta name=\"twitter:card\" content=\"summary_large_image\" \/>\n<meta name=\"twitter:label1\" content=\"Est. reading time\" \/>\n\t<meta name=\"twitter:data1\" content=\"2 minutes\" \/>\n<script type=\"application\/ld+json\" class=\"yoast-schema-graph\">{\"@context\":\"https:\/\/schema.org\",\"@graph\":[{\"@type\":\"WebPage\",\"@id\":\"https:\/\/www.perfectplaceproject.com\/mentions-legales\/\",\"url\":\"https:\/\/www.perfectplaceproject.com\/mentions-legales\/\",\"name\":\"Mentions l\u00e9gales - Perfect Place Project\",\"isPartOf\":{\"@id\":\"https:\/\/www.perfectplaceproject.com\/#website\"},\"datePublished\":\"2025-11-02T14:07:18+00:00\",\"dateModified\":\"2025-11-02T14:36:23+00:00\",\"breadcrumb\":{\"@id\":\"https:\/\/www.perfectplaceproject.com\/mentions-legales\/#breadcrumb\"},\"inLanguage\":\"en-US\",\"potentialAction\":[{\"@type\":\"ReadAction\",\"target\":[\"https:\/\/www.perfectplaceproject.com\/mentions-legales\/\"]}]},{\"@type\":\"BreadcrumbList\",\"@id\":\"https:\/\/www.perfectplaceproject.com\/mentions-legales\/#breadcrumb\",\"itemListElement\":[{\"@type\":\"ListItem\",\"position\":1,\"name\":\"Accueil\",\"item\":\"https:\/\/www.perfectplaceproject.com\/\"},{\"@type\":\"ListItem\",\"position\":2,\"name\":\"Mentions l\u00e9gales\"}]},{\"@type\":\"WebSite\",\"@id\":\"https:\/\/www.perfectplaceproject.com\/#website\",\"url\":\"https:\/\/www.perfectplaceproject.com\/\",\"name\":\"Perfect Place Project\",\"description\":\"Location d&#039;Espaces \u00e9v\u00e9nementiels\",\"potentialAction\":[{\"@type\":\"SearchAction\",\"target\":{\"@type\":\"EntryPoint\",\"urlTemplate\":\"https:\/\/www.perfectplaceproject.com\/?s={search_term_string}\"},\"query-input\":{\"@type\":\"PropertyValueSpecification\",\"valueRequired\":true,\"valueName\":\"search_term_string\"}}],\"inLanguage\":\"en-US\"}]}<\/script>\n<!-- \/ Yoast SEO plugin. -->","yoast_head_json":{"title":"Legal information - Perfect Place Project","robots":{"index":"index","follow":"follow","max-snippet":"max-snippet:-1","max-image-preview":"max-image-preview:large","max-video-preview":"max-video-preview:-1"},"canonical":"https:\/\/www.perfectplaceproject.com\/en\/legal-notice\/","og_locale":"en_US","og_type":"article","og_title":"Mentions l\u00e9gales - Perfect Place Project","og_description":"Conform\u00e9ment aux articles 6-III et 19 de la loi n\u00b02004-575 du 21 juin 2004 pour la Confiance dans l\u2019\u00c9conomie Num\u00e9rique (LCEN), il est port\u00e9 \u00e0 la connaissance des utilisateurs du site www.perfectplaceproject.com les informations suivantes : 1. \u00c9diteur du site Perfect Place Project Repr\u00e9sent\u00e9e par : Laurence Ellia, Founder &amp; Director \ud83d\udcde +33 6 26 ...","og_url":"https:\/\/www.perfectplaceproject.com\/en\/legal-notice\/","og_site_name":"Perfect Place Project","article_modified_time":"2025-11-02T14:36:23+00:00","twitter_card":"summary_large_image","twitter_misc":{"Est. reading time":"2 minutes"},"schema":{"@context":"https:\/\/schema.org","@graph":[{"@type":"WebPage","@id":"https:\/\/www.perfectplaceproject.com\/mentions-legales\/","url":"https:\/\/www.perfectplaceproject.com\/mentions-legales\/","name":"Legal information - Perfect Place Project","isPartOf":{"@id":"https:\/\/www.perfectplaceproject.com\/#website"},"datePublished":"2025-11-02T14:07:18+00:00","dateModified":"2025-11-02T14:36:23+00:00","breadcrumb":{"@id":"https:\/\/www.perfectplaceproject.com\/mentions-legales\/#breadcrumb"},"inLanguage":"en-US","potentialAction":[{"@type":"ReadAction","target":["https:\/\/www.perfectplaceproject.com\/mentions-legales\/"]}]},{"@type":"BreadcrumbList","@id":"https:\/\/www.perfectplaceproject.com\/mentions-legales\/#breadcrumb","itemListElement":[{"@type":"ListItem","position":1,"name":"Accueil","item":"https:\/\/www.perfectplaceproject.com\/"},{"@type":"ListItem","position":2,"name":"Mentions l\u00e9gales"}]},{"@type":"WebSite","@id":"https:\/\/www.perfectplaceproject.com\/#website","url":"https:\/\/www.perfectplaceproject.com\/","name":"Perfect Place Project","description":"Event space rental","potentialAction":[{"@type":"SearchAction","target":{"@type":"EntryPoint","urlTemplate":"https:\/\/www.perfectplaceproject.com\/?s={search_term_string}"},"query-input":{"@type":"PropertyValueSpecification","valueRequired":true,"valueName":"search_term_string"}}],"inLanguage":"en-US"}]}},"_links":{"self":[{"href":"https:\/\/www.perfectplaceproject.com\/en\/wp-json\/wp\/v2\/pages\/5812","targetHints":{"allow":["GET"]}}],"collection":[{"href":"https:\/\/www.perfectplaceproject.com\/en\/wp-json\/wp\/v2\/pages"}],"about":[{"href":"https:\/\/www.perfectplaceproject.com\/en\/wp-json\/wp\/v2\/types\/page"}],"author":[{"embeddable":true,"href":"https:\/\/www.perfectplaceproject.com\/en\/wp-json\/wp\/v2\/users\/1"}],"replies":[{"embeddable":true,"href":"https:\/\/www.perfectplaceproject.com\/en\/wp-json\/wp\/v2\/comments?post=5812"}],"version-history":[{"count":2,"href":"https:\/\/www.perfectplaceproject.com\/en\/wp-json\/wp\/v2\/pages\/5812\/revisions"}],"predecessor-version":[{"id":5819,"href":"https:\/\/www.perfectplaceproject.com\/en\/wp-json\/wp\/v2\/pages\/5812\/revisions\/5819"}],"wp:attachment":[{"href":"https:\/\/www.perfectplaceproject.com\/en\/wp-json\/wp\/v2\/media?parent=5812"}],"curies":[{"name":"wp","href":"https:\/\/api.w.org\/{rel}","templated":true}]}}